{"id":105,"date":"2015-02-21T15:59:04","date_gmt":"2015-02-21T14:59:04","guid":{"rendered":"https:\/\/www.caecilienchor-muenchenstein.ch\/wp?page_id=105"},"modified":"2022-05-09T00:54:20","modified_gmt":"2022-05-08T22:54:20","slug":"vorstand","status":"publish","type":"page","link":"https:\/\/www.caecilienchor-muenchenstein.ch\/?page_id=105","title":{"rendered":"Vorstand"},"content":{"rendered":"<table>\n<tbody>\n<tr>\n<td>\n<div id=\"attachment_20\" style=\"width: 152px\" class=\"wp-caption alignnone\"><a href=\"https:\/\/www.caecilienchor-muenchenstein.ch\/wp-content\/uploads\/monika.jpg\"><img loading=\"lazy\" decoding=\"async\" aria-describedby=\"caption-attachment-20\" class=\"size-full wp-image-20\" src=\"https:\/\/www.caecilienchor-muenchenstein.ch\/wp-content\/uploads\/monika.jpg\" alt=\"Monika Schmid, Pr\u00e4sidentin\" width=\"142\" height=\"189\" \/><\/a><p id=\"caption-attachment-20\" class=\"wp-caption-text\">Monika Schmid,<br \/>Pr\u00e4sidentin<\/p><\/div>\n<p><a href=\"mailto:monikaschmid@bluewin.ch\"><img loading=\"lazy\" decoding=\"async\" class=\" size-full wp-image-113 aligncenter\" src=\"https:\/\/www.caecilienchor-muenchenstein.ch\/wp-content\/uploads\/Mail.png\" alt=\"Mail\" width=\"26\" height=\"26\" \/><\/a><\/td>\n<td><img loading=\"lazy\" decoding=\"async\" class=\"alignnone wp-image-690 size-full\" src=\"https:\/\/www.caecilienchor-muenchenstein.ch\/wp-content\/uploads\/Vakant.jpg\" alt=\"\" width=\"157\" height=\"236\" srcset=\"https:\/\/www.caecilienchor-muenchenstein.ch\/wp-content\/uploads\/Vakant.jpg 157w, https:\/\/www.caecilienchor-muenchenstein.ch\/wp-content\/uploads\/Vakant-100x150.jpg 100w, https:\/\/www.caecilienchor-muenchenstein.ch\/wp-content\/uploads\/Vakant-80x120.jpg 80w\" sizes=\"(max-width: 157px) 100vw, 157px\" \/><\/p>\n<p><a href=\"mailto:info@caecilienchor-muenchenstein.ch\"><img loading=\"lazy\" decoding=\"async\" class=\"aligncenter wp-image-113 size-full\" src=\"https:\/\/www.caecilienchor-muenchenstein.ch\/wp-content\/uploads\/Mail.png\" alt=\"Mail\" width=\"26\" height=\"26\" \/><\/a><\/p>\n<p>&nbsp;<\/td>\n<td>\n<div id=\"attachment_21\" style=\"width: 152px\" class=\"wp-caption alignnone\"><a href=\"https:\/\/www.caecilienchor-muenchenstein.ch\/wp-content\/uploads\/pinot.jpg\"><img loading=\"lazy\" decoding=\"async\" aria-describedby=\"caption-attachment-21\" class=\"size-full wp-image-21\" src=\"https:\/\/www.caecilienchor-muenchenstein.ch\/wp-content\/uploads\/pinot.jpg\" alt=\"Jean-Charles &quot;Pinot&quot; Pont, Kassier\" width=\"142\" height=\"189\" \/><\/a><p id=\"caption-attachment-21\" class=\"wp-caption-text\">Jean-Charles &#8222;Pinot&#8220; Pont, Kassier<\/p><\/div>\n<p><a href=\"mailto:pinot@intergga.ch\"><img loading=\"lazy\" decoding=\"async\" class=\"aligncenter wp-image-113 size-full\" src=\"https:\/\/www.caecilienchor-muenchenstein.ch\/wp-content\/uploads\/Mail.png\" alt=\"Mail\" width=\"26\" height=\"26\" \/><\/a><\/td>\n<\/tr>\n<tr>\n<td>\n<div id=\"attachment_25\" style=\"width: 152px\" class=\"wp-caption alignnone\"><a href=\"https:\/\/www.caecilienchor-muenchenstein.ch\/wp-content\/uploads\/bianca.jpg\"><img loading=\"lazy\" decoding=\"async\" aria-describedby=\"caption-attachment-25\" class=\"size-full wp-image-25\" src=\"https:\/\/www.caecilienchor-muenchenstein.ch\/wp-content\/uploads\/bianca.jpg\" alt=\"Bianca Schmucki, Aktuarin\" width=\"142\" height=\"190\" \/><\/a><p id=\"caption-attachment-25\" class=\"wp-caption-text\">Bianca Schmucki,<br \/>Aktuarin<\/p><\/div>\n<p><a href=\"mailto:bischmucki@bluewin.ch\"><img loading=\"lazy\" decoding=\"async\" class=\"aligncenter wp-image-113 size-full\" src=\"https:\/\/www.caecilienchor-muenchenstein.ch\/wp-content\/uploads\/Mail.png\" alt=\"Mail\" width=\"26\" height=\"26\" \/><\/a><\/td>\n<td>\n<div id=\"attachment_26\" style=\"width: 152px\" class=\"wp-caption alignnone\"><a href=\"https:\/\/www.caecilienchor-muenchenstein.ch\/wp-content\/uploads\/claudia.jpg\"><img loading=\"lazy\" decoding=\"async\" aria-describedby=\"caption-attachment-26\" class=\"size-full wp-image-26\" src=\"https:\/\/www.caecilienchor-muenchenstein.ch\/wp-content\/uploads\/claudia.jpg\" alt=\"Claudia B\u00fcrgin, Werbung und Kommunikation\" width=\"142\" height=\"189\" \/><\/a><p id=\"caption-attachment-26\" class=\"wp-caption-text\">Claudia B\u00fcrgin,<br \/>Werbung<\/p><\/div>\n<p><a href=\"mailto:claudia.buergin@bluewin.ch\"><img loading=\"lazy\" decoding=\"async\" class=\"aligncenter wp-image-113 size-full\" src=\"https:\/\/www.caecilienchor-muenchenstein.ch\/wp-content\/uploads\/Mail.png\" alt=\"Mail\" width=\"26\" height=\"26\" \/><\/a><\/td>\n<td>\n<div id=\"attachment_756\" style=\"width: 160px\" class=\"wp-caption alignnone\"><img loading=\"lazy\" decoding=\"async\" aria-describedby=\"caption-attachment-756\" class=\"wp-image-756\" src=\"https:\/\/www.caecilienchor-muenchenstein.ch\/wp-content\/uploads\/P1300560-e1491727153679-225x300.jpg\" alt=\"\" width=\"150\" height=\"200\" srcset=\"https:\/\/www.caecilienchor-muenchenstein.ch\/wp-content\/uploads\/P1300560-e1491727153679-225x300.jpg 225w, https:\/\/www.caecilienchor-muenchenstein.ch\/wp-content\/uploads\/P1300560-e1491727153679-113x150.jpg 113w, https:\/\/www.caecilienchor-muenchenstein.ch\/wp-content\/uploads\/P1300560-e1491727153679-90x120.jpg 90w, https:\/\/www.caecilienchor-muenchenstein.ch\/wp-content\/uploads\/P1300560-e1491727153679.jpg 675w\" sizes=\"(max-width: 150px) 100vw, 150px\" \/><p id=\"caption-attachment-756\" class=\"wp-caption-text\">Esther Stalder, Notenverwaltung<\/p><\/div>\n<p><a href=\"mailto:esther.stalder48@bluewin.ch\"><img loading=\"lazy\" decoding=\"async\" class=\" size-full wp-image-113 aligncenter\" src=\"https:\/\/www.caecilienchor-muenchenstein.ch\/wp-content\/uploads\/Mail.png\" alt=\"Mail\" width=\"26\" height=\"26\" \/><\/a><\/td>\n<\/tr>\n<tr valign=\"top\">\n<td>\n<div id=\"attachment_106\" style=\"width: 152px\" class=\"wp-caption alignnone\"><a href=\"https:\/\/www.caecilienchor-muenchenstein.ch\/wp-content\/uploads\/beatrice.jpg\"><img loading=\"lazy\" decoding=\"async\" aria-describedby=\"caption-attachment-106\" class=\"size-full wp-image-106\" src=\"https:\/\/www.caecilienchor-muenchenstein.ch\/wp-content\/uploads\/beatrice.jpg\" alt=\"B\u00e9atrice M\u00fcggler, Vereinsanl\u00e4sse\" width=\"142\" height=\"196\" \/><\/a><p id=\"caption-attachment-106\" class=\"wp-caption-text\">B\u00e9atrice M\u00fcggler,<br \/>Vereinsanl\u00e4sse<\/p><\/div>\n<p><a href=\"mailto:bmueggler@ebmnet.ch\"><img loading=\"lazy\" decoding=\"async\" class=\"aligncenter wp-image-113 size-full\" src=\"https:\/\/www.caecilienchor-muenchenstein.ch\/wp-content\/uploads\/Mail.png\" alt=\"Mail\" width=\"26\" height=\"26\" \/><\/a><\/td>\n<td>\n<p><div id=\"attachment_22\" style=\"width: 152px\" class=\"wp-caption alignnone\"><a href=\"https:\/\/www.caecilienchor-muenchenstein.ch\/wp-content\/uploads\/ilse-1.jpg\"><img loading=\"lazy\" decoding=\"async\" aria-describedby=\"caption-attachment-22\" class=\"wp-image-22 size-full\" src=\"https:\/\/www.caecilienchor-muenchenstein.ch\/wp-content\/uploads\/ilse-1.jpg\" alt=\"\" width=\"142\" height=\"189\" \/><\/a><p id=\"caption-attachment-22\" class=\"wp-caption-text\">Ilse Zeuner,<br \/>Chorleiterin<\/p><\/div>\n<\/td>\n<td>\n<div id=\"attachment_688\" style=\"width: 138px\" class=\"wp-caption alignnone\"><img loading=\"lazy\" decoding=\"async\" aria-describedby=\"caption-attachment-688\" class=\"wp-image-688\" src=\"https:\/\/www.caecilienchor-muenchenstein.ch\/wp-content\/uploads\/willa180-265.jpg\" alt=\"willa180-265\" width=\"128\" height=\"189\" srcset=\"https:\/\/www.caecilienchor-muenchenstein.ch\/wp-content\/uploads\/willa180-265.jpg 180w, https:\/\/www.caecilienchor-muenchenstein.ch\/wp-content\/uploads\/willa180-265-102x150.jpg 102w, https:\/\/www.caecilienchor-muenchenstein.ch\/wp-content\/uploads\/willa180-265-82x120.jpg 82w\" sizes=\"(max-width: 128px) 100vw, 128px\" \/><p id=\"caption-attachment-688\" class=\"wp-caption-text\">Josef Willa, Pr\u00e4ses<\/p><\/div>\n<p><a href=\"mailto:willa@pfarrei-muenchenstein.ch\"><img loading=\"lazy\" decoding=\"async\" class=\"aligncenter wp-image-113 size-full\" src=\"https:\/\/www.caecilienchor-muenchenstein.ch\/wp-content\/uploads\/Mail.png\" alt=\"Mail\" width=\"26\" height=\"26\" \/><\/a><\/td>\n<\/tr>\n<\/tbody>\n<\/table>\n","protected":false},"excerpt":{"rendered":"<p>&nbsp;<\/p>\n<p class=\"continue-reading-button\"> <a class=\"continue-reading-link\" href=\"https:\/\/www.caecilienchor-muenchenstein.ch\/?page_id=105\">Weiterlesen\u00bb<i class=\"crycon-right-dir\"><\/i><\/a><\/p>\n","protected":false},"author":1,"featured_media":0,"parent":0,"menu_order":0,"comment_status":"closed","ping_status":"open","template":"","meta":{"footnotes":""},"class_list":["post-105","page","type-page","status-publish","hentry"],"_links":{"self":[{"href":"https:\/\/www.caecilienchor-muenchenstein.ch\/index.php?rest_route=\/wp\/v2\/pages\/105"}],"collection":[{"href":"https:\/\/www.caecilienchor-muenchenstein.ch\/index.php?rest_route=\/wp\/v2\/pages"}],"about":[{"href":"https:\/\/www.caecilienchor-muenchenstein.ch\/index.php?rest_route=\/wp\/v2\/types\/page"}],"author":[{"embeddable":true,"href":"https:\/\/www.caecilienchor-muenchenstein.ch\/index.php?rest_route=\/wp\/v2\/users\/1"}],"replies":[{"embeddable":true,"href":"https:\/\/www.caecilienchor-muenchenstein.ch\/index.php?rest_route=%2Fwp%2Fv2%2Fcomments&post=105"}],"version-history":[{"count":30,"href":"https:\/\/www.caecilienchor-muenchenstein.ch\/index.php?rest_route=\/wp\/v2\/pages\/105\/revisions"}],"predecessor-version":[{"id":1183,"href":"https:\/\/www.caecilienchor-muenchenstein.ch\/index.php?rest_route=\/wp\/v2\/pages\/105\/revisions\/1183"}],"wp:attachment":[{"href":"https:\/\/www.caecilienchor-muenchenstein.ch\/index.php?rest_route=%2Fwp%2Fv2%2Fmedia&parent=105"}],"curies":[{"name":"wp","href":"https:\/\/api.w.org\/{rel}","templated":true}]}}